{"id":451,"date":"2022-06-09T20:12:35","date_gmt":"2022-06-09T18:12:35","guid":{"rendered":"https:\/\/markisen.skillisch-ihr-design.de\/?page_id=451"},"modified":"2022-10-17T15:09:15","modified_gmt":"2022-10-17T13:09:15","slug":"klapplaeden-schiebelaeden","status":"publish","type":"page","link":"https:\/\/rolladen-markisen.de\/dresden\/produkte\/klapplaeden-schiebelaeden\/","title":{"rendered":"Klapp- und Schiebel\u00e4den"},"content":{"rendered":"\t\t<div data-elementor-type=\"wp-page\" data-elementor-id=\"451\" class=\"elementor elementor-451\" data-elementor-settings=\"{&quot;ha_cmc_init_switcher&quot;:&quot;no&quot;}\" data-elementor-post-type=\"page\">\n\t\t\t\t\t\t<section class=\"elementor-section elementor-top-section elementor-element elementor-element-0dc0e94 elementor-section-height-min-height elementor-section-boxed elementor-section-height-default elementor-section-items-middle\" data-id=\"0dc0e94\" data-element_type=\"section\" data-e-type=\"section\" data-settings=\"{&quot;background_background&quot;:&quot;classic&quot;,&quot;_ha_eqh_enable&quot;:false}\">\n\t\t\t\t\t\t<div class=\"elementor-container elementor-column-gap-default\">\n\t\t\t\t\t<div class=\"elementor-column elementor-col-100 elementor-top-column elementor-element elementor-element-2ade5f4\" data-id=\"2ade5f4\" data-element_type=\"column\" data-e-type=\"column\" data-settings=\"{&quot;background_background&quot;:&quot;classic&quot;}\">\n\t\t\t<div class=\"elementor-widget-wrap elementor-element-populated\">\n\t\t\t\t\t\t<section class=\"elementor-section elementor-inner-section elementor-element elementor-element-edf6887 elementor-section-content-middle elementor-section-boxed elementor-section-height-default elementor-section-height-default\" data-id=\"edf6887\" data-element_type=\"section\" data-e-type=\"section\" data-settings=\"{&quot;_ha_eqh_enable&quot;:false}\">\n\t\t\t\t\t\t<div class=\"elementor-container elementor-column-gap-default\">\n\t\t\t\t\t<div class=\"elementor-column elementor-col-50 elementor-inner-column elementor-element elementor-element-1348a82\" data-id=\"1348a82\" data-element_type=\"column\" data-e-type=\"column\">\n\t\t\t<div class=\"elementor-widget-wrap elementor-element-populated\">\n\t\t\t\t\t\t<div class=\"elementor-element elementor-element-b521a92 elementor-widget elementor-widget-heading\" data-id=\"b521a92\" data-element_type=\"widget\" data-e-type=\"widget\" data-widget_type=\"heading.default\">\n\t\t\t\t<div class=\"elementor-widget-container\">\n\t\t\t\t\t<h1 class=\"elementor-heading-title elementor-size-default\">Klappl\u00e4den und Schiebel\u00e4den<\/h1>\t\t\t\t<\/div>\n\t\t\t\t<\/div>\n\t\t\t\t\t<\/div>\n\t\t<\/div>\n\t\t\t\t<div class=\"elementor-column elementor-col-50 elementor-inner-column elementor-element elementor-element-bff1d23\" data-id=\"bff1d23\" data-element_type=\"column\" data-e-type=\"column\">\n\t\t\t<div class=\"elementor-widget-wrap elementor-element-populated\">\n\t\t\t\t\t\t<div class=\"elementor-element elementor-element-073ae50 elementor-widget elementor-widget-text-editor\" data-id=\"073ae50\" data-element_type=\"widget\" data-e-type=\"widget\" data-widget_type=\"text-editor.default\">\n\t\t\t\t<div class=\"elementor-widget-container\">\n\t\t\t\t\t\t\t\t\tEHRET produziert nach Ihren W\u00fcnschen Sicht- und Wetterschutz aus Aluminium. Zur Auswahl stehen \u00fcber 400 Modelle zum Klappen, Schieben, Falten und Stellen.\t\t\t\t\t\t\t\t<\/div>\n\t\t\t\t<\/div>\n\t\t\t\t\t<\/div>\n\t\t<\/div>\n\t\t\t\t\t<\/div>\n\t\t<\/section>\n\t\t\t\t\t<\/div>\n\t\t<\/div>\n\t\t\t\t\t<\/div>\n\t\t<\/section>\n\t\t\t\t<section class=\"elementor-section elementor-top-section elementor-element elementor-element-d85f34c elementor-section-boxed elementor-section-height-default elementor-section-height-default\" data-id=\"d85f34c\" data-element_type=\"section\" data-e-type=\"section\" data-settings=\"{&quot;_ha_eqh_enable&quot;:false}\">\n\t\t\t\t\t\t<div class=\"elementor-container elementor-column-gap-default\">\n\t\t\t\t\t<div class=\"elementor-column elementor-col-100 elementor-top-column elementor-element elementor-element-a449a05\" data-id=\"a449a05\" data-element_type=\"column\" data-e-type=\"column\">\n\t\t\t<div class=\"elementor-widget-wrap elementor-element-populated\">\n\t\t\t\t\t\t<section class=\"elementor-section elementor-inner-section elementor-element elementor-element-f5a65e2 elementor-section-boxed elementor-section-height-default elementor-section-height-default\" data-id=\"f5a65e2\" data-element_type=\"section\" data-e-type=\"section\" data-settings=\"{&quot;_ha_eqh_enable&quot;:false}\">\n\t\t\t\t\t\t<div class=\"elementor-container elementor-column-gap-default\">\n\t\t\t\t\t<div class=\"elementor-column elementor-col-33 elementor-inner-column elementor-element elementor-element-99eb339\" data-id=\"99eb339\" data-element_type=\"column\" data-e-type=\"column\">\n\t\t\t<div class=\"elementor-widget-wrap elementor-element-populated\">\n\t\t\t\t\t\t<div class=\"elementor-element elementor-element-800e21e elementor-widget elementor-widget-image\" data-id=\"800e21e\" data-element_type=\"widget\" data-e-type=\"widget\" data-widget_type=\"image.default\">\n\t\t\t\t<div class=\"elementor-widget-container\">\n\t\t\t\t\t\t\t\t\t\t\t\t\t\t\t<img fetchpriority=\"high\" decoding=\"async\" width=\"300\" height=\"200\" src=\"https:\/\/rolladen-markisen.de\/dresden\/wp-content\/uploads\/2022\/06\/klapplaeden-300x200-1.jpeg\" class=\"attachment-large size-large wp-image-455\" alt=\"\" \/>\t\t\t\t\t\t\t\t\t\t\t\t\t\t\t<\/div>\n\t\t\t\t<\/div>\n\t\t\t\t\t<\/div>\n\t\t<\/div>\n\t\t\t\t<div class=\"elementor-column elementor-col-66 elementor-inner-column elementor-element elementor-element-ba83291\" data-id=\"ba83291\" data-element_type=\"column\" data-e-type=\"column\">\n\t\t\t<div class=\"elementor-widget-wrap elementor-element-populated\">\n\t\t\t\t\t\t<div class=\"elementor-element elementor-element-435c511 elementor-widget elementor-widget-heading\" data-id=\"435c511\" data-element_type=\"widget\" data-e-type=\"widget\" data-widget_type=\"heading.default\">\n\t\t\t\t<div class=\"elementor-widget-container\">\n\t\t\t\t\t<h2 class=\"elementor-heading-title elementor-size-default\">Klappl\u00e4den \u2013 Lebendige Tradition<\/h2>\t\t\t\t<\/div>\n\t\t\t\t<\/div>\n\t\t\t\t<div class=\"elementor-element elementor-element-825f2d7 elementor-widget elementor-widget-text-editor\" data-id=\"825f2d7\" data-element_type=\"widget\" data-e-type=\"widget\" data-widget_type=\"text-editor.default\">\n\t\t\t\t<div class=\"elementor-widget-container\">\n\t\t\t\t\t\t\t\t\tEHRET Klappl\u00e4den setzen Akzente und Ma\u00dfst\u00e4be, die im Einklang mit der Architektur ein harmonisches und einzigartiges Erscheinungsbild schaffen. Mit Formen und Farben gestaltete Geb\u00e4ude erhalten einen unverwechselbaren Charakter. Ob traditionell oder modern: Klappl\u00e4den f\u00fcgen sich in jedes Ortsbild ein.\t\t\t\t\t\t\t\t<\/div>\n\t\t\t\t<\/div>\n\t\t\t\t\t<\/div>\n\t\t<\/div>\n\t\t\t\t\t<\/div>\n\t\t<\/section>\n\t\t\t\t<section class=\"elementor-section elementor-inner-section elementor-element elementor-element-ef7f705 elementor-section-boxed elementor-section-height-default elementor-section-height-default\" data-id=\"ef7f705\" data-element_type=\"section\" data-e-type=\"section\" data-settings=\"{&quot;_ha_eqh_enable&quot;:false}\">\n\t\t\t\t\t\t<div class=\"elementor-container elementor-column-gap-default\">\n\t\t\t\t\t<div class=\"elementor-column elementor-col-33 elementor-inner-column elementor-element elementor-element-c2d8089\" data-id=\"c2d8089\" data-element_type=\"column\" data-e-type=\"column\">\n\t\t\t<div class=\"elementor-widget-wrap elementor-element-populated\">\n\t\t\t\t\t\t<div class=\"elementor-element elementor-element-ac204d0 elementor-widget elementor-widget-image\" data-id=\"ac204d0\" data-element_type=\"widget\" data-e-type=\"widget\" data-widget_type=\"image.default\">\n\t\t\t\t<div class=\"elementor-widget-container\">\n\t\t\t\t\t\t\t\t\t\t\t\t\t\t\t<img decoding=\"async\" width=\"300\" height=\"200\" src=\"https:\/\/rolladen-markisen.de\/dresden\/wp-content\/uploads\/2022\/06\/schiebelaeden-300x200-1.jpeg\" class=\"attachment-large size-large wp-image-454\" alt=\"\" \/>\t\t\t\t\t\t\t\t\t\t\t\t\t\t\t<\/div>\n\t\t\t\t<\/div>\n\t\t\t\t\t<\/div>\n\t\t<\/div>\n\t\t\t\t<div class=\"elementor-column elementor-col-66 elementor-inner-column elementor-element elementor-element-ec72b10\" data-id=\"ec72b10\" data-element_type=\"column\" data-e-type=\"column\">\n\t\t\t<div class=\"elementor-widget-wrap elementor-element-populated\">\n\t\t\t\t\t\t<div class=\"elementor-element elementor-element-a7672fc elementor-widget elementor-widget-heading\" data-id=\"a7672fc\" data-element_type=\"widget\" data-e-type=\"widget\" data-widget_type=\"heading.default\">\n\t\t\t\t<div class=\"elementor-widget-container\">\n\t\t\t\t\t<h2 class=\"elementor-heading-title elementor-size-default\">Schiebel\u00e4den \u2013 Tradition trifft Moderne<\/h2>\t\t\t\t<\/div>\n\t\t\t\t<\/div>\n\t\t\t\t<div class=\"elementor-element elementor-element-054df49 elementor-widget elementor-widget-text-editor\" data-id=\"054df49\" data-element_type=\"widget\" data-e-type=\"widget\" data-widget_type=\"text-editor.default\">\n\t\t\t\t<div class=\"elementor-widget-container\">\n\t\t\t\t\t\t\t\t\tDa bei Neubauten in der Regel gro\u00dfe Fensterfl\u00e4chen mit einer Verschattungsm\u00f6glichkeit zu versehen sind, bestimmen die Schiebel\u00e4den einen Gro\u00dfteil der Fassade und werden zum dominierenden Gestaltungselement. Das Interieur l\u00e4sst sich mit Schiebel\u00e4den sowohl vor zu hoher Sonneneinstrahlung als auch vor neugierigen Blicken mit unterschiedlichen F\u00fcllungen sch\u00fctzen.\t\t\t\t\t\t\t\t<\/div>\n\t\t\t\t<\/div>\n\t\t\t\t\t<\/div>\n\t\t<\/div>\n\t\t\t\t\t<\/div>\n\t\t<\/section>\n\t\t\t\t\t<\/div>\n\t\t<\/div>\n\t\t\t\t\t<\/div>\n\t\t<\/section>\n\t\t\t\t<section class=\"elementor-section elementor-top-section elementor-element elementor-element-759f97a elementor-section-boxed elementor-section-height-default elementor-section-height-default\" data-id=\"759f97a\" data-element_type=\"section\" data-e-type=\"section\" data-settings=\"{&quot;background_background&quot;:&quot;classic&quot;,&quot;_ha_eqh_enable&quot;:false}\">\n\t\t\t\t\t\t<div class=\"elementor-container elementor-column-gap-default\">\n\t\t\t\t\t<div class=\"elementor-column elementor-col-100 elementor-top-column elementor-element elementor-element-3edbf8d\" data-id=\"3edbf8d\" data-element_type=\"column\" data-e-type=\"column\">\n\t\t\t<div class=\"elementor-widget-wrap elementor-element-populated\">\n\t\t\t\t\t\t<div class=\"elementor-element elementor-element-208644d elementor-widget elementor-widget-heading\" data-id=\"208644d\" data-element_type=\"widget\" data-e-type=\"widget\" data-widget_type=\"heading.default\">\n\t\t\t\t<div class=\"elementor-widget-container\">\n\t\t\t\t\t<h2 class=\"elementor-heading-title elementor-size-default\">Sie m\u00f6chten mehr \u00fcber unsere Produkte erfahren?<\/h2>\t\t\t\t<\/div>\n\t\t\t\t<\/div>\n\t\t\t\t<div class=\"elementor-element elementor-element-d4d2e79 elementor-widget elementor-widget-text-editor\" data-id=\"d4d2e79\" data-element_type=\"widget\" data-e-type=\"widget\" data-widget_type=\"text-editor.default\">\n\t\t\t\t<div class=\"elementor-widget-container\">\n\t\t\t\t\t\t\t\t\t<p><strong>Wir helfen Ihnen gerne weiter!<\/strong><\/p>\t\t\t\t\t\t\t\t<\/div>\n\t\t\t\t<\/div>\n\t\t\t\t<div class=\"elementor-element elementor-element-c5c8086 elementor-align-center elementor-widget elementor-widget-button\" data-id=\"c5c8086\" data-element_type=\"widget\" data-e-type=\"widget\" data-widget_type=\"button.default\">\n\t\t\t\t<div class=\"elementor-widget-container\">\n\t\t\t\t\t\t\t\t\t<div class=\"elementor-button-wrapper\">\n\t\t\t\t\t<a class=\"elementor-button elementor-button-link elementor-size-sm\" href=\"https:\/\/rolladen-markisen.de\/dresden\/anfrage\/\">\n\t\t\t\t\t\t<span class=\"elementor-button-content-wrapper\">\n\t\t\t\t\t\t\t\t\t<span class=\"elementor-button-text\">Kontakt aufnehmen<\/span>\n\t\t\t\t\t<\/span>\n\t\t\t\t\t<\/a>\n\t\t\t\t<\/div>\n\t\t\t\t\t\t\t\t<\/div>\n\t\t\t\t<\/div>\n\t\t\t\t\t<\/div>\n\t\t<\/div>\n\t\t\t\t\t<\/div>\n\t\t<\/section>\n\t\t\t\t<\/div>\n\t\t","protected":false},"excerpt":{"rendered":"<p>Klappl\u00e4den und Schiebel\u00e4den EHRET produziert nach Ihren W\u00fcnschen Sicht- und Wetterschutz aus Aluminium. Zur Auswahl stehen \u00fcber 400 Modelle zum Klappen, Schieben, Falten und Stellen. Klappl\u00e4den \u2013 Lebendige Tradition EHRET Klappl\u00e4den setzen Akzente und Ma\u00dfst\u00e4be, die im Einklang mit der Architektur ein harmonisches und einzigartiges Erscheinungsbild schaffen. Mit Formen und Farben gestaltete Geb\u00e4ude erhalten einen [&hellip;]<\/p>\n","protected":false},"author":1,"featured_media":0,"parent":234,"menu_order":0,"comment_status":"closed","ping_status":"closed","template":"","meta":{"_acf_changed":false,"footnotes":""},"class_list":["post-451","page","type-page","status-publish","hentry"],"acf":[],"yoast_head":"<!-- This site is optimized with the Yoast SEO plugin v27.3 - https:\/\/yoast.com\/product\/yoast-seo-wordpress\/ -->\n<title>Klappl\u00e4den &amp; Schiebel\u00e4den f\u00fcr Heim, Garten &amp; Terrasse<\/title>\n<meta name=\"description\" content=\"Finden Sie passende Klappl\u00e4den &amp; Schiebel\u00e4den f\u00fcr Ihr Heim oder die Terrasse. Mit unsere individuellen Beratung zum passenden Produkt.\" \/>\n<meta name=\"robots\" content=\"index, follow, max-snippet:-1, max-image-preview:large, max-video-preview:-1\" \/>\n<link rel=\"canonical\" href=\"https:\/\/rolladen-markisen.de\/dresden\/produkte\/klapplaeden-schiebelaeden\/\" \/>\n<meta property=\"og:locale\" content=\"de_DE\" \/>\n<meta property=\"og:type\" content=\"article\" \/>\n<meta property=\"og:title\" content=\"Klappl\u00e4den &amp; Schiebel\u00e4den f\u00fcr Heim, Garten &amp; Terrasse\" \/>\n<meta property=\"og:description\" content=\"Finden Sie passende Klappl\u00e4den &amp; Schiebel\u00e4den f\u00fcr Ihr Heim oder die Terrasse. Mit unsere individuellen Beratung zum passenden Produkt.\" \/>\n<meta property=\"og:url\" content=\"https:\/\/rolladen-markisen.de\/dresden\/produkte\/klapplaeden-schiebelaeden\/\" \/>\n<meta property=\"og:site_name\" content=\"Rolladen- &amp; Markisenbau Dresden\" \/>\n<meta property=\"article:modified_time\" content=\"2022-10-17T13:09:15+00:00\" \/>\n<meta property=\"og:image\" content=\"https:\/\/rolladen-markisen.de\/dresden\/wp-content\/uploads\/2022\/06\/klapplaeden-300x200-1.jpeg\" \/>\n<meta name=\"twitter:card\" content=\"summary_large_image\" \/>\n<meta name=\"twitter:label1\" content=\"Gesch\u00e4tzte Lesezeit\" \/>\n\t<meta name=\"twitter:data1\" content=\"2\u00a0Minuten\" \/>\n<script type=\"application\/ld+json\" class=\"yoast-schema-graph\">{\"@context\":\"https:\\\/\\\/schema.org\",\"@graph\":[{\"@type\":\"WebPage\",\"@id\":\"https:\\\/\\\/rolladen-markisen.de\\\/dresden\\\/produkte\\\/klapplaeden-schiebelaeden\\\/\",\"url\":\"https:\\\/\\\/rolladen-markisen.de\\\/dresden\\\/produkte\\\/klapplaeden-schiebelaeden\\\/\",\"name\":\"Klappl\u00e4den & Schiebel\u00e4den f\u00fcr Heim, Garten & Terrasse\",\"isPartOf\":{\"@id\":\"https:\\\/\\\/rolladen-markisen.de\\\/dresden\\\/#website\"},\"primaryImageOfPage\":{\"@id\":\"https:\\\/\\\/rolladen-markisen.de\\\/dresden\\\/produkte\\\/klapplaeden-schiebelaeden\\\/#primaryimage\"},\"image\":{\"@id\":\"https:\\\/\\\/rolladen-markisen.de\\\/dresden\\\/produkte\\\/klapplaeden-schiebelaeden\\\/#primaryimage\"},\"thumbnailUrl\":\"https:\\\/\\\/rolladen-markisen.de\\\/dresden\\\/wp-content\\\/uploads\\\/2022\\\/06\\\/klapplaeden-300x200-1.jpeg\",\"datePublished\":\"2022-06-09T18:12:35+00:00\",\"dateModified\":\"2022-10-17T13:09:15+00:00\",\"description\":\"Finden Sie passende Klappl\u00e4den & Schiebel\u00e4den f\u00fcr Ihr Heim oder die Terrasse. Mit unsere individuellen Beratung zum passenden Produkt.\",\"breadcrumb\":{\"@id\":\"https:\\\/\\\/rolladen-markisen.de\\\/dresden\\\/produkte\\\/klapplaeden-schiebelaeden\\\/#breadcrumb\"},\"inLanguage\":\"de\",\"potentialAction\":[{\"@type\":\"ReadAction\",\"target\":[\"https:\\\/\\\/rolladen-markisen.de\\\/dresden\\\/produkte\\\/klapplaeden-schiebelaeden\\\/\"]}]},{\"@type\":\"ImageObject\",\"inLanguage\":\"de\",\"@id\":\"https:\\\/\\\/rolladen-markisen.de\\\/dresden\\\/produkte\\\/klapplaeden-schiebelaeden\\\/#primaryimage\",\"url\":\"https:\\\/\\\/rolladen-markisen.de\\\/dresden\\\/wp-content\\\/uploads\\\/2022\\\/06\\\/klapplaeden-300x200-1.jpeg\",\"contentUrl\":\"https:\\\/\\\/rolladen-markisen.de\\\/dresden\\\/wp-content\\\/uploads\\\/2022\\\/06\\\/klapplaeden-300x200-1.jpeg\",\"width\":300,\"height\":200},{\"@type\":\"BreadcrumbList\",\"@id\":\"https:\\\/\\\/rolladen-markisen.de\\\/dresden\\\/produkte\\\/klapplaeden-schiebelaeden\\\/#breadcrumb\",\"itemListElement\":[{\"@type\":\"ListItem\",\"position\":1,\"name\":\"Startseite\",\"item\":\"https:\\\/\\\/rolladen-markisen.de\\\/dresden\\\/\"},{\"@type\":\"ListItem\",\"position\":2,\"name\":\"Produkte\",\"item\":\"https:\\\/\\\/rolladen-markisen.de\\\/dresden\\\/produkte\\\/\"},{\"@type\":\"ListItem\",\"position\":3,\"name\":\"Klapp- und Schiebel\u00e4den\"}]},{\"@type\":\"WebSite\",\"@id\":\"https:\\\/\\\/rolladen-markisen.de\\\/dresden\\\/#website\",\"url\":\"https:\\\/\\\/rolladen-markisen.de\\\/dresden\\\/\",\"name\":\"Rolladen- &amp; Markisenbau Dresden\",\"description\":\"\",\"potentialAction\":[{\"@type\":\"SearchAction\",\"target\":{\"@type\":\"EntryPoint\",\"urlTemplate\":\"https:\\\/\\\/rolladen-markisen.de\\\/dresden\\\/?s={search_term_string}\"},\"query-input\":{\"@type\":\"PropertyValueSpecification\",\"valueRequired\":true,\"valueName\":\"search_term_string\"}}],\"inLanguage\":\"de\"}]}<\/script>\n<!-- \/ Yoast SEO plugin. -->","yoast_head_json":{"title":"Klappl\u00e4den & Schiebel\u00e4den f\u00fcr Heim, Garten & Terrasse","description":"Finden Sie passende Klappl\u00e4den & Schiebel\u00e4den f\u00fcr Ihr Heim oder die Terrasse. Mit unsere individuellen Beratung zum passenden Produkt.","robots":{"index":"index","follow":"follow","max-snippet":"max-snippet:-1","max-image-preview":"max-image-preview:large","max-video-preview":"max-video-preview:-1"},"canonical":"https:\/\/rolladen-markisen.de\/dresden\/produkte\/klapplaeden-schiebelaeden\/","og_locale":"de_DE","og_type":"article","og_title":"Klappl\u00e4den & Schiebel\u00e4den f\u00fcr Heim, Garten & Terrasse","og_description":"Finden Sie passende Klappl\u00e4den & Schiebel\u00e4den f\u00fcr Ihr Heim oder die Terrasse. Mit unsere individuellen Beratung zum passenden Produkt.","og_url":"https:\/\/rolladen-markisen.de\/dresden\/produkte\/klapplaeden-schiebelaeden\/","og_site_name":"Rolladen- &amp; Markisenbau Dresden","article_modified_time":"2022-10-17T13:09:15+00:00","og_image":[{"url":"https:\/\/rolladen-markisen.de\/dresden\/wp-content\/uploads\/2022\/06\/klapplaeden-300x200-1.jpeg","type":"","width":"","height":""}],"twitter_card":"summary_large_image","twitter_misc":{"Gesch\u00e4tzte Lesezeit":"2\u00a0Minuten"},"schema":{"@context":"https:\/\/schema.org","@graph":[{"@type":"WebPage","@id":"https:\/\/rolladen-markisen.de\/dresden\/produkte\/klapplaeden-schiebelaeden\/","url":"https:\/\/rolladen-markisen.de\/dresden\/produkte\/klapplaeden-schiebelaeden\/","name":"Klappl\u00e4den & Schiebel\u00e4den f\u00fcr Heim, Garten & Terrasse","isPartOf":{"@id":"https:\/\/rolladen-markisen.de\/dresden\/#website"},"primaryImageOfPage":{"@id":"https:\/\/rolladen-markisen.de\/dresden\/produkte\/klapplaeden-schiebelaeden\/#primaryimage"},"image":{"@id":"https:\/\/rolladen-markisen.de\/dresden\/produkte\/klapplaeden-schiebelaeden\/#primaryimage"},"thumbnailUrl":"https:\/\/rolladen-markisen.de\/dresden\/wp-content\/uploads\/2022\/06\/klapplaeden-300x200-1.jpeg","datePublished":"2022-06-09T18:12:35+00:00","dateModified":"2022-10-17T13:09:15+00:00","description":"Finden Sie passende Klappl\u00e4den & Schiebel\u00e4den f\u00fcr Ihr Heim oder die Terrasse. Mit unsere individuellen Beratung zum passenden Produkt.","breadcrumb":{"@id":"https:\/\/rolladen-markisen.de\/dresden\/produkte\/klapplaeden-schiebelaeden\/#breadcrumb"},"inLanguage":"de","potentialAction":[{"@type":"ReadAction","target":["https:\/\/rolladen-markisen.de\/dresden\/produkte\/klapplaeden-schiebelaeden\/"]}]},{"@type":"ImageObject","inLanguage":"de","@id":"https:\/\/rolladen-markisen.de\/dresden\/produkte\/klapplaeden-schiebelaeden\/#primaryimage","url":"https:\/\/rolladen-markisen.de\/dresden\/wp-content\/uploads\/2022\/06\/klapplaeden-300x200-1.jpeg","contentUrl":"https:\/\/rolladen-markisen.de\/dresden\/wp-content\/uploads\/2022\/06\/klapplaeden-300x200-1.jpeg","width":300,"height":200},{"@type":"BreadcrumbList","@id":"https:\/\/rolladen-markisen.de\/dresden\/produkte\/klapplaeden-schiebelaeden\/#breadcrumb","itemListElement":[{"@type":"ListItem","position":1,"name":"Startseite","item":"https:\/\/rolladen-markisen.de\/dresden\/"},{"@type":"ListItem","position":2,"name":"Produkte","item":"https:\/\/rolladen-markisen.de\/dresden\/produkte\/"},{"@type":"ListItem","position":3,"name":"Klapp- und Schiebel\u00e4den"}]},{"@type":"WebSite","@id":"https:\/\/rolladen-markisen.de\/dresden\/#website","url":"https:\/\/rolladen-markisen.de\/dresden\/","name":"Rolladen- &amp; Markisenbau Dresden","description":"","potentialAction":[{"@type":"SearchAction","target":{"@type":"EntryPoint","urlTemplate":"https:\/\/rolladen-markisen.de\/dresden\/?s={search_term_string}"},"query-input":{"@type":"PropertyValueSpecification","valueRequired":true,"valueName":"search_term_string"}}],"inLanguage":"de"}]}},"_links":{"self":[{"href":"https:\/\/rolladen-markisen.de\/dresden\/wp-json\/wp\/v2\/pages\/451","targetHints":{"allow":["GET"]}}],"collection":[{"href":"https:\/\/rolladen-markisen.de\/dresden\/wp-json\/wp\/v2\/pages"}],"about":[{"href":"https:\/\/rolladen-markisen.de\/dresden\/wp-json\/wp\/v2\/types\/page"}],"author":[{"embeddable":true,"href":"https:\/\/rolladen-markisen.de\/dresden\/wp-json\/wp\/v2\/users\/1"}],"replies":[{"embeddable":true,"href":"https:\/\/rolladen-markisen.de\/dresden\/wp-json\/wp\/v2\/comments?post=451"}],"version-history":[{"count":7,"href":"https:\/\/rolladen-markisen.de\/dresden\/wp-json\/wp\/v2\/pages\/451\/revisions"}],"predecessor-version":[{"id":464,"href":"https:\/\/rolladen-markisen.de\/dresden\/wp-json\/wp\/v2\/pages\/451\/revisions\/464"}],"up":[{"embeddable":true,"href":"https:\/\/rolladen-markisen.de\/dresden\/wp-json\/wp\/v2\/pages\/234"}],"wp:attachment":[{"href":"https:\/\/rolladen-markisen.de\/dresden\/wp-json\/wp\/v2\/media?parent=451"}],"curies":[{"name":"wp","href":"https:\/\/api.w.org\/{rel}","templated":true}]}}