{"id":293,"date":"2022-06-08T17:32:29","date_gmt":"2022-06-08T15:32:29","guid":{"rendered":"https:\/\/markisen.skillisch-ihr-design.de\/?page_id=293"},"modified":"2022-06-21T10:05:41","modified_gmt":"2022-06-21T08:05:41","slug":"sponsoring","status":"publish","type":"page","link":"https:\/\/rolladen-markisen.de\/ingolstadt\/sponsoring\/","title":{"rendered":"Sponsoring"},"content":{"rendered":"\t\t<div data-elementor-type=\"wp-page\" data-elementor-id=\"293\" class=\"elementor elementor-293\">\n\t\t\t\t\t\t<div class=\"elementor-inner\">\n\t\t\t\t<div class=\"elementor-section-wrap\">\n\t\t\t\t\t\t\t\t\t<section class=\"elementor-section elementor-top-section elementor-element elementor-element-d85f34c elementor-section-boxed elementor-section-height-default elementor-section-height-default\" data-id=\"d85f34c\" data-element_type=\"section\" data-settings=\"{&quot;_ha_eqh_enable&quot;:false}\">\n\t\t\t\t\t\t<div class=\"elementor-container elementor-column-gap-default\">\n\t\t\t\t\t\t\t<div class=\"elementor-row\">\n\t\t\t\t\t<div class=\"elementor-column elementor-col-100 elementor-top-column elementor-element elementor-element-a449a05\" data-id=\"a449a05\" data-element_type=\"column\">\n\t\t\t<div class=\"elementor-column-wrap elementor-element-populated\">\n\t\t\t\t\t\t\t<div class=\"elementor-widget-wrap\">\n\t\t\t\t\t\t<div class=\"elementor-element elementor-element-0146d12 elementor-widget-divider--view-line_text elementor-widget-divider--element-align-center elementor-widget elementor-widget-divider\" data-id=\"0146d12\" data-element_type=\"widget\" data-widget_type=\"divider.default\">\n\t\t\t\t<div class=\"elementor-widget-container\">\n\t\t\t\t\t<div class=\"elementor-divider\">\n\t\t\t<span class=\"elementor-divider-separator\">\n\t\t\t\t\t\t\t<h2 class=\"elementor-divider__text elementor-divider__element\">\n\t\t\t\tLeben ist nicht nur Arbeit\t\t\t\t<\/h2>\n\t\t\t\t\t\t<\/span>\n\t\t<\/div>\n\t\t\t\t<\/div>\n\t\t\t\t<\/div>\n\t\t\t\t<div class=\"elementor-element elementor-element-c0bdc43 elementor-widget elementor-widget-text-editor\" data-id=\"c0bdc43\" data-element_type=\"widget\" data-widget_type=\"text-editor.default\">\n\t\t\t\t<div class=\"elementor-widget-container\">\n\t\t\t\t\t\t\t\t<div class=\"elementor-text-editor elementor-clearfix\">\n\t\t\t\t<p>Wir arbeiten nicht nur in Ingolstadt, wir leben auch in Ingolstadt. Kultur, Sport und Gemeinsamkeit sind uns ein Anliegen.<br \/>Lebensqualit\u00e4t ist ebenso wichtig wie Qualit\u00e4t in der Arbeit. Wir engagieren uns in folgenden Vereinen:<\/p>\t\t\t\t\t<\/div>\n\t\t\t\t\t\t<\/div>\n\t\t\t\t<\/div>\n\t\t\t\t<section class=\"elementor-section elementor-inner-section elementor-element elementor-element-18c2f05 elementor-section-boxed elementor-section-height-default elementor-section-height-default\" data-id=\"18c2f05\" data-element_type=\"section\" data-settings=\"{&quot;_ha_eqh_enable&quot;:false}\">\n\t\t\t\t\t\t<div class=\"elementor-container elementor-column-gap-default\">\n\t\t\t\t\t\t\t<div class=\"elementor-row\">\n\t\t\t\t\t<div class=\"elementor-column elementor-col-50 elementor-inner-column elementor-element elementor-element-08f2fdd\" data-id=\"08f2fdd\" data-element_type=\"column\">\n\t\t\t<div class=\"elementor-column-wrap elementor-element-populated\">\n\t\t\t\t\t\t\t<div class=\"elementor-widget-wrap\">\n\t\t\t\t\t\t<div class=\"elementor-element elementor-element-c6e873c elementor-widget elementor-widget-image\" data-id=\"c6e873c\" data-element_type=\"widget\" data-widget_type=\"image.default\">\n\t\t\t\t<div class=\"elementor-widget-container\">\n\t\t\t\t\t\t\t\t<div class=\"elementor-image\">\n\t\t\t\t\t\t\t\t\t\t\t\t<img loading=\"lazy\" decoding=\"async\" width=\"400\" height=\"266\" src=\"https:\/\/rolladen-markisen.de\/ingolstadt\/wp-content\/uploads\/2022\/06\/bayerischer-fluechtlingsrat.jpg\" class=\"attachment-large size-large\" alt=\"\" srcset=\"https:\/\/rolladen-markisen.de\/ingolstadt\/wp-content\/uploads\/2022\/06\/bayerischer-fluechtlingsrat.jpg 400w, https:\/\/rolladen-markisen.de\/ingolstadt\/wp-content\/uploads\/2022\/06\/bayerischer-fluechtlingsrat-300x200.jpg 300w\" sizes=\"auto, (max-width: 400px) 100vw, 400px\" \/>\t\t\t\t\t\t\t\t\t\t\t\t\t\t<\/div>\n\t\t\t\t\t\t<\/div>\n\t\t\t\t<\/div>\n\t\t\t\t<div class=\"elementor-element elementor-element-969dfde elementor-widget elementor-widget-text-editor\" data-id=\"969dfde\" data-element_type=\"widget\" data-widget_type=\"text-editor.default\">\n\t\t\t\t<div class=\"elementor-widget-container\">\n\t\t\t\t\t\t\t\t<div class=\"elementor-text-editor elementor-clearfix\">\n\t\t\t\t<p><a href=\"https:\/\/www.fluechtlingsrat-bayern.de\/\" target=\"_blank\" rel=\"noopener\">Bayerischer Fl\u00fcchtlingsrat in M\u00fcnchen<\/a><\/p>\t\t\t\t\t<\/div>\n\t\t\t\t\t\t<\/div>\n\t\t\t\t<\/div>\n\t\t\t\t\t\t<\/div>\n\t\t\t\t\t<\/div>\n\t\t<\/div>\n\t\t\t\t<div class=\"elementor-column elementor-col-50 elementor-inner-column elementor-element elementor-element-0a34086\" data-id=\"0a34086\" data-element_type=\"column\">\n\t\t\t<div class=\"elementor-column-wrap elementor-element-populated\">\n\t\t\t\t\t\t\t<div class=\"elementor-widget-wrap\">\n\t\t\t\t\t\t<div class=\"elementor-element elementor-element-e9dc64e elementor-widget elementor-widget-image\" data-id=\"e9dc64e\" data-element_type=\"widget\" data-widget_type=\"image.default\">\n\t\t\t\t<div class=\"elementor-widget-container\">\n\t\t\t\t\t\t\t\t<div class=\"elementor-image\">\n\t\t\t\t\t\t\t\t\t\t\t\t<img loading=\"lazy\" decoding=\"async\" width=\"400\" height=\"267\" src=\"https:\/\/rolladen-markisen.de\/ingolstadt\/wp-content\/uploads\/2022\/06\/fechtverein-ingolstadt.jpg\" class=\"attachment-large size-large\" alt=\"\" srcset=\"https:\/\/rolladen-markisen.de\/ingolstadt\/wp-content\/uploads\/2022\/06\/fechtverein-ingolstadt.jpg 400w, https:\/\/rolladen-markisen.de\/ingolstadt\/wp-content\/uploads\/2022\/06\/fechtverein-ingolstadt-300x200.jpg 300w\" sizes=\"auto, (max-width: 400px) 100vw, 400px\" \/>\t\t\t\t\t\t\t\t\t\t\t\t\t\t<\/div>\n\t\t\t\t\t\t<\/div>\n\t\t\t\t<\/div>\n\t\t\t\t<div class=\"elementor-element elementor-element-114162a elementor-widget elementor-widget-text-editor\" data-id=\"114162a\" data-element_type=\"widget\" data-widget_type=\"text-editor.default\">\n\t\t\t\t<div class=\"elementor-widget-container\">\n\t\t\t\t\t\t\t\t<div class=\"elementor-text-editor elementor-clearfix\">\n\t\t\t\t<p>F\u00f6rderverein\u00a0<a href=\"http:\/\/www.mtv-in.de\/fechten\/\" target=\"_blank\" rel=\"noopener\">\u201cFechten Ingolstadt e.V.&#8221;<\/a><\/p>\t\t\t\t\t<\/div>\n\t\t\t\t\t\t<\/div>\n\t\t\t\t<\/div>\n\t\t\t\t\t\t<\/div>\n\t\t\t\t\t<\/div>\n\t\t<\/div>\n\t\t\t\t\t\t\t\t<\/div>\n\t\t\t\t\t<\/div>\n\t\t<\/section>\n\t\t\t\t<div class=\"elementor-element elementor-element-ffadd01 elementor-widget elementor-widget-spacer\" data-id=\"ffadd01\" data-element_type=\"widget\" data-widget_type=\"spacer.default\">\n\t\t\t\t<div class=\"elementor-widget-container\">\n\t\t\t\t\t<div class=\"elementor-spacer\">\n\t\t\t<div class=\"elementor-spacer-inner\"><\/div>\n\t\t<\/div>\n\t\t\t\t<\/div>\n\t\t\t\t<\/div>\n\t\t\t\t<div class=\"elementor-element elementor-element-a9c6fb0 elementor-widget-divider--view-line_text elementor-widget-divider--element-align-center elementor-widget elementor-widget-divider\" data-id=\"a9c6fb0\" data-element_type=\"widget\" data-widget_type=\"divider.default\">\n\t\t\t\t<div class=\"elementor-widget-container\">\n\t\t\t\t\t<div class=\"elementor-divider\">\n\t\t\t<span class=\"elementor-divider-separator\">\n\t\t\t\t\t\t\t<h2 class=\"elementor-divider__text elementor-divider__element\">\n\t\t\t\tKunstraum Arndt\t\t\t\t<\/h2>\n\t\t\t\t\t\t<\/span>\n\t\t<\/div>\n\t\t\t\t<\/div>\n\t\t\t\t<\/div>\n\t\t\t\t<section class=\"elementor-section elementor-inner-section elementor-element elementor-element-497a5cf elementor-section-content-middle elementor-section-boxed elementor-section-height-default elementor-section-height-default\" data-id=\"497a5cf\" data-element_type=\"section\" data-settings=\"{&quot;_ha_eqh_enable&quot;:false}\">\n\t\t\t\t\t\t<div class=\"elementor-container elementor-column-gap-default\">\n\t\t\t\t\t\t\t<div class=\"elementor-row\">\n\t\t\t\t\t<div class=\"elementor-column elementor-col-50 elementor-inner-column elementor-element elementor-element-2ef6f68\" data-id=\"2ef6f68\" data-element_type=\"column\">\n\t\t\t<div class=\"elementor-column-wrap elementor-element-populated\">\n\t\t\t\t\t\t\t<div class=\"elementor-widget-wrap\">\n\t\t\t\t\t\t<div class=\"elementor-element elementor-element-679939f elementor-widget elementor-widget-text-editor\" data-id=\"679939f\" data-element_type=\"widget\" data-widget_type=\"text-editor.default\">\n\t\t\t\t<div class=\"elementor-widget-container\">\n\t\t\t\t\t\t\t\t<div class=\"elementor-text-editor elementor-clearfix\">\n\t\t\t\t<p>K\u00fcnstler zu Besuch in Ingolstadt<\/p>\t\t\t\t\t<\/div>\n\t\t\t\t\t\t<\/div>\n\t\t\t\t<\/div>\n\t\t\t\t<div class=\"elementor-element elementor-element-7464541 elementor-widget elementor-widget-text-editor\" data-id=\"7464541\" data-element_type=\"widget\" data-widget_type=\"text-editor.default\">\n\t\t\t\t<div class=\"elementor-widget-container\">\n\t\t\t\t\t\t\t\t<div class=\"elementor-text-editor elementor-clearfix\">\n\t\t\t\t<p>Seit 2010 wird von Mai bis September, im ehemaligen Wohnhaus der Familie, Wohn- und Atelierraum f\u00fcr K\u00fcnstler zur Verf\u00fcgung gestellt. Die Kooperation mit dem Kulturamt Ingolstadt bietet K\u00fcnstlern aus den Partnerst\u00e4dten Ingolstadts Wohn- und Atelierraum f\u00fcr 6-12 Wochen jeweils. Hier k\u00f6nnen die K\u00fcnstler arbeiten und lokale Inspirationen in ihre Arbeit aufnehmen. Neben dem Kontakt zur lokalen Kunstszene werden ausgew\u00e4hlte Werke der K\u00fcnstler im Rathaus ausgestellt.<\/p><p><a href=\"https:\/\/www.bbk-ingolstadt.de\/verband\/\" target=\"_blank\" rel=\"noopener\">Berufsverband Bildender K\u00fcnstler\/innen<br \/>Oberbayern Nord und Ingolstadt e.V.<\/a><\/p><p>Unterst\u00fctzung\u00a0<a href=\"https:\/\/www.kunstverein-ingolstadt.de\/\" target=\"_blank\" rel=\"noopener\">\u201cKunstverein Ingolstadt e.V.&#8221;<\/a><\/p>\t\t\t\t\t<\/div>\n\t\t\t\t\t\t<\/div>\n\t\t\t\t<\/div>\n\t\t\t\t\t\t<\/div>\n\t\t\t\t\t<\/div>\n\t\t<\/div>\n\t\t\t\t<div class=\"elementor-column elementor-col-50 elementor-inner-column elementor-element elementor-element-f11e004\" data-id=\"f11e004\" data-element_type=\"column\">\n\t\t\t<div class=\"elementor-column-wrap elementor-element-populated\">\n\t\t\t\t\t\t\t<div class=\"elementor-widget-wrap\">\n\t\t\t\t\t\t<div class=\"elementor-element elementor-element-5c67557 elementor-arrows-position-inside elementor-widget elementor-widget-image-carousel\" data-id=\"5c67557\" data-element_type=\"widget\" data-settings=\"{&quot;slides_to_show&quot;:&quot;1&quot;,&quot;navigation&quot;:&quot;arrows&quot;,&quot;autoplay&quot;:&quot;yes&quot;,&quot;pause_on_hover&quot;:&quot;yes&quot;,&quot;pause_on_interaction&quot;:&quot;yes&quot;,&quot;autoplay_speed&quot;:5000,&quot;infinite&quot;:&quot;yes&quot;,&quot;effect&quot;:&quot;slide&quot;,&quot;speed&quot;:500}\" data-widget_type=\"image-carousel.default\">\n\t\t\t\t<div class=\"elementor-widget-container\">\n\t\t\t\t\t<div class=\"elementor-image-carousel-wrapper swiper-container\" dir=\"ltr\">\n\t\t\t<div class=\"elementor-image-carousel swiper-wrapper\">\n\t\t\t\t\t\t\t\t<div class=\"swiper-slide\"><figure class=\"swiper-slide-inner\"><img decoding=\"async\" class=\"swiper-slide-image\" src=\"https:\/\/rolladen-markisen.de\/ingolstadt\/wp-content\/uploads\/2022\/06\/csm_attila_radosza_gyoer_berndt_arndt__foto_kulturamt_ingolstadt_2018-300x169.jpeg\" alt=\"csm_attila_radosza_gyoer_berndt_arndt__foto_kulturamt_ingolstadt_2018\" \/><\/figure><\/div><div class=\"swiper-slide\"><figure class=\"swiper-slide-inner\"><img decoding=\"async\" class=\"swiper-slide-image\" src=\"https:\/\/rolladen-markisen.de\/ingolstadt\/wp-content\/uploads\/2022\/06\/csm_bernd_arndt_und_imre_tolnay__foto_kulturamt_ingolstadt_2018-246x300.jpeg\" alt=\"csm_bernd_arndt_und_imre_tolnay__foto_kulturamt_ingolstadt_2018\" \/><\/figure><\/div><div class=\"swiper-slide\"><figure class=\"swiper-slide-inner\"><img decoding=\"async\" class=\"swiper-slide-image\" src=\"https:\/\/rolladen-markisen.de\/ingolstadt\/wp-content\/uploads\/2022\/06\/csm_eva_garamvoelgyi_berndt_arndt__foto_kulturamt_ingolstadt_2018-300x225.jpeg\" alt=\"csm_eva_garamvoelgyi_berndt_arndt__foto_kulturamt_ingolstadt_2018\" \/><\/figure><\/div><div class=\"swiper-slide\"><figure class=\"swiper-slide-inner\"><img decoding=\"async\" class=\"swiper-slide-image\" src=\"https:\/\/rolladen-markisen.de\/ingolstadt\/wp-content\/uploads\/2022\/06\/csm_filip_misita_bernd_arndt__foto_kulturamt_ingolstadt_2018-300x225.jpeg\" alt=\"csm_filip_misita_bernd_arndt__foto_kulturamt_ingolstadt_2018\" \/><\/figure><\/div><div class=\"swiper-slide\"><figure class=\"swiper-slide-inner\"><img decoding=\"async\" class=\"swiper-slide-image\" src=\"https:\/\/rolladen-markisen.de\/ingolstadt\/wp-content\/uploads\/2022\/06\/csm_igor_banfi_2017_bernd_arndt__foto_kulturamt_ingolstadt-300x225.jpeg\" alt=\"csm_igor_banfi_2017_bernd_arndt__foto_kulturamt_ingolstadt\" \/><\/figure><\/div><div class=\"swiper-slide\"><figure class=\"swiper-slide-inner\"><img decoding=\"async\" class=\"swiper-slide-image\" src=\"https:\/\/rolladen-markisen.de\/ingolstadt\/wp-content\/uploads\/2022\/06\/csm_ka_-_ross_forbes_kirkcaldy_und_bernd_arndt__foto_kulturamt_ingolstadt_2018-300x225.jpeg\" alt=\"csm_ka_-_ross_forbes_kirkcaldy_und_bernd_arndt__foto_kulturamt_ingolstadt_2018\" \/><\/figure><\/div><div class=\"swiper-slide\"><figure class=\"swiper-slide-inner\"><img decoding=\"async\" class=\"swiper-slide-image\" src=\"https:\/\/rolladen-markisen.de\/ingolstadt\/wp-content\/uploads\/2022\/06\/csm_ka_jennifer_margret_parkin_bernd_arndt__foto_kulturamt_ingolstadt_2018-300x225.jpeg\" alt=\"csm_ka_jennifer_margret_parkin_bernd_arndt__foto_kulturamt_ingolstadt_2018\" \/><\/figure><\/div><div class=\"swiper-slide\"><figure class=\"swiper-slide-inner\"><img decoding=\"async\" class=\"swiper-slide-image\" src=\"https:\/\/rolladen-markisen.de\/ingolstadt\/wp-content\/uploads\/2022\/06\/csm_ka_katarina_nedeljkovic_bernd_arndt__foto_kulturamt_ingolstadt_2018-169x300.jpeg\" alt=\"csm_ka_katarina_nedeljkovic_bernd_arndt__foto_kulturamt_ingolstadt_2018\" \/><\/figure><\/div>\t\t\t<\/div>\n\t\t\t\t\t\t\t\t\t\t\t\t\t\t\t\t<div class=\"elementor-swiper-button elementor-swiper-button-prev\">\n\t\t\t\t\t\t<i aria-hidden=\"true\" class=\"eicon-chevron-left\"><\/i>\t\t\t\t\t\t<span class=\"elementor-screen-only\">Zur\u00fcck<\/span>\n\t\t\t\t\t<\/div>\n\t\t\t\t\t<div class=\"elementor-swiper-button elementor-swiper-button-next\">\n\t\t\t\t\t\t<i aria-hidden=\"true\" class=\"eicon-chevron-right\"><\/i>\t\t\t\t\t\t<span class=\"elementor-screen-only\">Weiter<\/span>\n\t\t\t\t\t<\/div>\n\t\t\t\t\t\t\t\t\t<\/div>\n\t\t\t\t<\/div>\n\t\t\t\t<\/div>\n\t\t\t\t\t\t<\/div>\n\t\t\t\t\t<\/div>\n\t\t<\/div>\n\t\t\t\t\t\t\t\t<\/div>\n\t\t\t\t\t<\/div>\n\t\t<\/section>\n\t\t\t\t\t\t<\/div>\n\t\t\t\t\t<\/div>\n\t\t<\/div>\n\t\t\t\t\t\t\t\t<\/div>\n\t\t\t\t\t<\/div>\n\t\t<\/section>\n\t\t\t\t<section class=\"elementor-section elementor-top-section elementor-element elementor-element-864c8fa elementor-section-full_width elementor-section-height-default elementor-section-height-default\" data-id=\"864c8fa\" data-element_type=\"section\" data-settings=\"{&quot;_ha_eqh_enable&quot;:false}\">\n\t\t\t\t\t\t<div class=\"elementor-container elementor-column-gap-default\">\n\t\t\t\t\t\t\t<div class=\"elementor-row\">\n\t\t\t\t\t<div class=\"elementor-column elementor-col-100 elementor-top-column elementor-element elementor-element-cf0d3a9\" data-id=\"cf0d3a9\" data-element_type=\"column\">\n\t\t\t<div class=\"elementor-column-wrap elementor-element-populated\">\n\t\t\t\t\t\t\t<div class=\"elementor-widget-wrap\">\n\t\t\t\t\t\t<div class=\"elementor-element elementor-element-3e3ad68 elementor-widget elementor-widget-html\" data-id=\"3e3ad68\" data-element_type=\"widget\" data-widget_type=\"html.default\">\n\t\t\t\t<div class=\"elementor-widget-container\">\n\t\t\t<div class=\"BorlabsCookie _brlbs-cb-googlemaps\"><div class=\"_brlbs-content-blocker\"> <div class=\"_brlbs-embed _brlbs-google-maps\"> <img decoding=\"async\" class=\"_brlbs-thumbnail\" src=\"https:\/\/rolladen-markisen.de\/ingolstadt\/wp-content\/plugins\/borlabs-cookie\/assets\/images\/cb-maps.png\" alt=\"Google Maps\"> <div class=\"_brlbs-caption\"> <p>Mit dem Laden der Karte akzeptieren Sie die Datenschutzerkl\u00e4rung von Google.<br><a href=\"https:\/\/policies.google.com\/privacy\" target=\"_blank\" rel=\"nofollow noopener noreferrer\">Mehr erfahren<\/a><\/p> <p><a class=\"_brlbs-btn\" href=\"#\" data-borlabs-cookie-unblock role=\"button\">Karte laden<\/a><\/p> <p><label><input type=\"checkbox\" name=\"unblockAll\" value=\"1\" checked> <small>Google Maps immer entsperren<\/small><\/label><\/p> <\/div> <\/div> <\/div><div class=\"borlabs-hide\" data-borlabs-cookie-type=\"content-blocker\" data-borlabs-cookie-id=\"googlemaps\"><script type=\"text\/template\">PGlmcmFtZSBzcmM9Imh0dHBzOi8vd3d3Lmdvb2dsZS5jb20vbWFwcy9lbWJlZD9wYj0hMW0xNCExbTghMW0zITFkMTA1MTYuMzA1OTUwMzYzNzY3ITJkMTEuNDMxODchM2Q0OC43ODA0MyEzbTIhMWkxMDI0ITJpNzY4ITRmMTMuMSEzbTMhMW0yITFzMHgwJTNBMHhjMTIzMWQyNmMwZjA3ZTkzITJzSW5nb2xzdCVDMyVBNGR0ZXIlMjBSb2xsYWRlbmJhdSUyMEUuJTIwQXJuZHQlMjBHbWJIITVlMCEzbTIhMXNkZSEyc2RlITR2MTY1NTczMDQ3Njk0NCE1bTIhMXNkZSEyc2RlIiB3aWR0aD0iMTkyMCIgaGVpZ2h0PSIzMDAiIHN0eWxlPSJib3JkZXI6MDsiIGFsbG93ZnVsbHNjcmVlbj0iIiBsb2FkaW5nPSJsYXp5IiByZWZlcnJlcnBvbGljeT0ibm8tcmVmZXJyZXItd2hlbi1kb3duZ3JhZGUiPjwvaWZyYW1lPg==<\/script><\/div><\/div>\t\t<\/div>\n\t\t\t\t<\/div>\n\t\t\t\t\t\t<\/div>\n\t\t\t\t\t<\/div>\n\t\t<\/div>\n\t\t\t\t\t\t\t\t<\/div>\n\t\t\t\t\t<\/div>\n\t\t<\/section>\n\t\t\t\t\t\t\t\t\t<\/div>\n\t\t\t<\/div>\n\t\t\t\t\t<\/div>\n\t\t","protected":false},"excerpt":{"rendered":"<p>Leben ist nicht nur Arbeit Wir arbeiten nicht nur in Ingolstadt, wir leben auch in Ingolstadt. Kultur, Sport und Gemeinsamkeit sind uns ein Anliegen.Lebensqualit\u00e4t ist ebenso wichtig wie Qualit\u00e4t in der Arbeit. Wir engagieren uns in folgenden Vereinen: Bayerischer Fl\u00fcchtlingsrat in M\u00fcnchen F\u00f6rderverein\u00a0\u201cFechten Ingolstadt e.V.&#8221; Kunstraum Arndt K\u00fcnstler zu Besuch in Ingolstadt Seit 2010 wird [&hellip;]<\/p>\n","protected":false},"author":1,"featured_media":0,"parent":0,"menu_order":0,"comment_status":"closed","ping_status":"closed","template":"","meta":{"footnotes":""},"class_list":["post-293","page","type-page","status-publish","hentry"],"_links":{"self":[{"href":"https:\/\/rolladen-markisen.de\/ingolstadt\/wp-json\/wp\/v2\/pages\/293","targetHints":{"allow":["GET"]}}],"collection":[{"href":"https:\/\/rolladen-markisen.de\/ingolstadt\/wp-json\/wp\/v2\/pages"}],"about":[{"href":"https:\/\/rolladen-markisen.de\/ingolstadt\/wp-json\/wp\/v2\/types\/page"}],"author":[{"embeddable":true,"href":"https:\/\/rolladen-markisen.de\/ingolstadt\/wp-json\/wp\/v2\/users\/1"}],"replies":[{"embeddable":true,"href":"https:\/\/rolladen-markisen.de\/ingolstadt\/wp-json\/wp\/v2\/comments?post=293"}],"version-history":[{"count":10,"href":"https:\/\/rolladen-markisen.de\/ingolstadt\/wp-json\/wp\/v2\/pages\/293\/revisions"}],"predecessor-version":[{"id":1184,"href":"https:\/\/rolladen-markisen.de\/ingolstadt\/wp-json\/wp\/v2\/pages\/293\/revisions\/1184"}],"wp:attachment":[{"href":"https:\/\/rolladen-markisen.de\/ingolstadt\/wp-json\/wp\/v2\/media?parent=293"}],"curies":[{"name":"wp","href":"https:\/\/api.w.org\/{rel}","templated":true}]}}